{"id":6,"date":"2020-11-10T16:10:59","date_gmt":"2020-11-10T16:10:59","guid":{"rendered":"http:\/\/argemela.pt\/documentos\/?page_id=6"},"modified":"2022-04-26T13:54:08","modified_gmt":"2022-04-26T13:54:08","slug":"o-novo-umoma-abre-as-suas-portas","status":"publish","type":"page","link":"https:\/\/argemela.pt\/documentos\/","title":{"rendered":"Arquivo Argemela.pt"},"content":{"rendered":"\n<div class=\"wp-block-group alignwide is-layout-flow\"><div class=\"wp-block-group__inner-container\">\n<h3 class=\"has-text-align-center wp-block-heading\">Um monte de surpresas sobre:<\/h3>\n\n\n\n<p class=\"has-text-align-center\">A Terra (Barco) e as gentes; O Rio (Z\u00eazere) e as margens; A Serra (Argemela) e as minas.<\/p>\n<\/div><\/div>\n\n\n\n<div class=\"wp-block-group alignwide is-layout-flow\"><div class=\"wp-block-group__inner-container\">\n<div class=\"wp-block-columns alignwide is-layout-flex wp-container-7\">\n<div class=\"wp-block-column is-layout-flow\">\n<div class=\"wp-block-group is-layout-flow\"><div class=\"wp-block-group__inner-container\"><\/div><\/div>\n<\/div>\n\n\n\n<div class=\"wp-block-column is-layout-flow\">\n<div class=\"wp-block-group is-layout-flow\"><div class=\"wp-block-group__inner-container\"><\/div><\/div>\n\n\n\n<div class=\"wp-block-group is-layout-flow\"><div class=\"wp-block-group__inner-container\"><\/div><\/div>\n<\/div>\n<\/div>\n<\/div><\/div>\n\n\n\n\n\n<div class=\"wp-block-group alignfull is-layout-flow\"><div class=\"wp-block-group__inner-container\"><\/div><\/div>\n\n\n\n<p><\/p>\n\n\n\n<figure class=\"wp-block-image alignfull size-large\"><img decoding=\"async\" loading=\"lazy\" width=\"1024\" height=\"1024\" src=\"https:\/\/argemela.pt\/documentos\/wp-content\/uploads\/2022\/04\/2020-landscape-3-1024x1024.png\" alt=\"\" class=\"wp-image-126\"\/><\/figure>\n\n\n\n<div class=\"wp-block-group alignwide is-layout-flow\"><div class=\"wp-block-group__inner-container\">\n<h2 class=\"has-text-align-center has-accent-color has-text-color wp-block-heading\">\u201cLenda da Argemela.\u201d<\/h2>\n<\/div><\/div>\n\n\n\n<p>Empenhados em levantar a poeira de certas mem\u00f3rias que, infelizmente, se v\u00e3o perdendo, os nossos alunos come\u00e7aram a fazer a recolha de algum patrim\u00f3nio imaterial. Fiquemos com um exemplar das primeiras recolhas, uma das v\u00e1rias lendas que se contam sobre a Argemela.&nbsp;<\/p>\n\n\n\n<p>O<em> <\/em>cabe\u00e7o da Argemela, situado no centro de um tri\u00e2ngulo com os v\u00e9rtices nas povoa\u00e7\u00f5es de Lavacolhos, Telhado e Barco, foi outrora habitado, como o comprovam os vest\u00edgios, ainda a\u00ed vis\u00edveis, de um\u00a0<strong><a href=\"https:\/\/pt.wikipedia.org\/wiki\/Castro\" data-type=\"URL\" data-id=\"https:\/\/pt.wikipedia.org\/wiki\/Castro\">castro<\/a><\/strong>\u00a0que, segundo alguns, \u00e9 de origem lusitana.<\/p>\n\n\n\n<p>No vale do rio <a href=\"https:\/\/pt.wikipedia.org\/wiki\/Z\u00eazere\" data-type=\"URL\" data-id=\"https:\/\/pt.wikipedia.org\/wiki\/Z\u00eazere\" target=\"_blank\" rel=\"noreferrer noopener\">Z\u00eazere<\/a>, na fronteira entre os concelhos do Fund\u00e3o e Covilh\u00e3, existe um cabe\u00e7o de elevadas propor\u00e7\u00f5es chamado Argemela. Ali constru\u00edram outrora um castelo, os Romanos ou os Mouros.<\/p>\n\n\n\n<p>Nas faldas de uma colina sobranceira, na margem oposta ao rio, teve igualmente assento a resid\u00eancia de um rei godo, que lutou sem tr\u00e9guas contra os invasores mouros.<\/p>\n\n\n\n<p>Aconteceu que, certo dia, o rei godo teve de ausentar-se, deixando sem guarda a sua \u00fanica filha, que era muito bonita. O mouro, aproveitando a ocasi\u00e3o, assaltou o solar do rei godo e raptou-lhe a filha.<\/p>\n\n\n\n<p>O rei, ao regressar, e ao dar pela falta da filha, jurou vingar-se, o que, na verdade, nunca conseguiu. Constando-lhe que a filha fora morta e ouvindo vagamente os seus gemidos sem que pudesse precisar onde ela se encontrava, dizia, lamentando-se:<br>&#8211; No&nbsp;<strong>ar geme ela<\/strong>. Este desabafo do pai resultou na palavra Argemela, nome pelo qual \u00e9 conhecido o referido cabe\u00e7o.<br><br><strong><em>Recolha de Jos\u00e9 Pedro Tadeia &#8211; 4.\u00ba ano<\/em><\/strong><br><strong><em>Fonte: Contos e Lendas da Beira, de Jaime Lopes Dias<\/em><\/strong><\/p>\n\n\n\n<div class=\"wp-block-group is-layout-flow\"><div class=\"wp-block-group__inner-container\"><\/div><\/div>\n\n\n\n<p><\/p>\n\n\n\n<div class=\"wp-block-group alignwide has-background is-layout-flow\" style=\"background-color:#ffffff\"><div class=\"wp-block-group__inner-container\">\n<div class=\"wp-block-group is-layout-flow\"><div class=\"wp-block-group__inner-container\">\n<h2 class=\"has-text-align-center wp-block-heading\">Pesquise a informa\u00e7\u00e3o<\/h2>\n\n\n\n<p class=\"has-text-align-center\">Qualquer pessoa poder\u00e1 ter acesso a toda a informa\u00e7\u00e3o existente no Centro de Interpreta\u00e7\u00e3o da Argemela<\/p>\n\n\n\n<div class=\"wp-block-button aligncenter\"><a class=\"wp-block-button__link\" href=\"https:\/\/make.wordpress.org\/core\/2019\/09\/27\/block-editor-theme-related-updates-in-wordpress-5-3\/\">contacte-nos<\/a><\/div>\n<\/div><\/div>\n<\/div><\/div>\n\n\n\n<div class=\"wp-block-group alignwide is-layout-flow\"><div class=\"wp-block-group__inner-container\">\n<div class=\"wp-block-group is-layout-flow\"><div class=\"wp-block-group__inner-container\"><\/div><\/div>\n\n\n\n<p><\/p>\n<\/div><\/div>\n","protected":false},"excerpt":{"rendered":"<p>Um monte de surpresas sobre: A Terra (Barco) e as gentes; O Rio (Z\u00eazere) e as margens; A Serra (Argemela) e as minas. \u201cLenda da Argemela.\u201d Empenhados em levantar a poeira de certas mem\u00f3rias que, infelizmente, se v\u00e3o perdendo, os nossos alunos come\u00e7aram a fazer a recolha de algum patrim\u00f3nio imaterial. Fiquemos com um exemplar [&hellip;]<\/p>\n","protected":false},"author":1,"featured_media":0,"parent":0,"menu_order":0,"comment_status":"closed","ping_status":"closed","template":"","meta":[],"_links":{"self":[{"href":"https:\/\/argemela.pt\/documentos\/wp-json\/wp\/v2\/pages\/6"}],"collection":[{"href":"https:\/\/argemela.pt\/documentos\/wp-json\/wp\/v2\/pages"}],"about":[{"href":"https:\/\/argemela.pt\/documentos\/wp-json\/wp\/v2\/types\/page"}],"author":[{"embeddable":true,"href":"https:\/\/argemela.pt\/documentos\/wp-json\/wp\/v2\/users\/1"}],"replies":[{"embeddable":true,"href":"https:\/\/argemela.pt\/documentos\/wp-json\/wp\/v2\/comments?post=6"}],"version-history":[{"count":18,"href":"https:\/\/argemela.pt\/documentos\/wp-json\/wp\/v2\/pages\/6\/revisions"}],"predecessor-version":[{"id":132,"href":"https:\/\/argemela.pt\/documentos\/wp-json\/wp\/v2\/pages\/6\/revisions\/132"}],"wp:attachment":[{"href":"https:\/\/argemela.pt\/documentos\/wp-json\/wp\/v2\/media?parent=6"}],"curies":[{"name":"wp","href":"https:\/\/api.w.org\/{rel}","templated":true}]}}